{"id":10,"date":"2024-04-25T04:19:06","date_gmt":"2024-04-25T04:19:06","guid":{"rendered":"https:\/\/danish69.dk\/?page_id=10"},"modified":"2024-04-25T04:30:51","modified_gmt":"2024-04-25T04:30:51","slug":"forside","status":"publish","type":"page","link":"https:\/\/danish69.dk\/","title":{"rendered":"forside"},"content":{"rendered":"\t\t<div data-elementor-type=\"wp-page\" data-elementor-id=\"10\" class=\"elementor elementor-10\">\n\t\t\t\t<div class=\"elementor-element elementor-element-200f767 e-flex e-con-boxed e-con e-parent\" data-id=\"200f767\" data-element_type=\"container\">\n\t\t\t\t\t<div class=\"e-con-inner\">\n\t\t\t\t<div class=\"elementor-element elementor-element-edb591b elementor-widget elementor-widget-heading\" data-id=\"edb591b\" data-element_type=\"widget\" data-widget_type=\"heading.default\">\n\t\t\t\t<div class=\"elementor-widget-container\">\n\t\t\t\t\t<h2 class=\"elementor-heading-title elementor-size-default\">Velkommen til Danish69<\/h2>\t\t\t\t<\/div>\n\t\t\t\t<\/div>\n\t\t\t\t\t<\/div>\n\t\t\t\t<\/div>\n\t\t<div class=\"elementor-element elementor-element-984b8ac e-flex e-con-boxed e-con e-parent\" data-id=\"984b8ac\" data-element_type=\"container\">\n\t\t\t\t\t<div class=\"e-con-inner\">\n\t\t<div class=\"elementor-element elementor-element-e41dbd8 e-con-full e-flex e-con e-child\" data-id=\"e41dbd8\" data-element_type=\"container\">\n\t\t\t\t<div class=\"elementor-element elementor-element-b7976cc elementor-widget elementor-widget-text-editor\" data-id=\"b7976cc\" data-element_type=\"widget\" data-widget_type=\"text-editor.default\">\n\t\t\t\t<div class=\"elementor-widget-container\">\n\t\t\t\t\t\t\t\t\t<p>Her kommer et erotisk og pornografisk billedkunstgalleri.<\/p><p>Hvorfor Danish69:<br \/>I 1969 frigav Danmark som det f\u00f8rst land i verden billedpornografien, hvilket bl.a. skal ses i lyset af, at man to \u00e5r tidligere i 1967 havde frigivet den pornografiske litteratur. Pornoens frigivelse gjorde Danmark internationalt kendt for sit frisind.<\/p><p>I et bredere perspektiv m\u00e5 pornoens frigivelse ses i sammenh\u00e6ng med 1960\u2019ernes opbruds- og forandringstendenser. Det var en periode med ungdomsopr\u00f8r, frisind og seksuel frig\u00f8relse. For justitsminister Knud Thestrup (C), var form\u00e5let med lovforslaget at frigivelsen af billedpornografien skulle mindske nysgerrigheden blandt befolkningen. Frigivelsen fik dog den helt modsatte virkning og gjorde pornoen til en stor eksportvare for Danmark.<\/p>\t\t\t\t\t\t\t\t<\/div>\n\t\t\t\t<\/div>\n\t\t\t\t<\/div>\n\t\t<div class=\"elementor-element elementor-element-1373f4d e-con-full e-flex e-con e-child\" data-id=\"1373f4d\" data-element_type=\"container\">\n\t\t\t\t<div class=\"elementor-element elementor-element-7952494 elementor-widget elementor-widget-image\" data-id=\"7952494\" data-element_type=\"widget\" data-widget_type=\"image.default\">\n\t\t\t\t<div class=\"elementor-widget-container\">\n\t\t\t\t\t\t\t\t\t\t\t\t\t\t\t<img fetchpriority=\"high\" decoding=\"async\" width=\"1024\" height=\"733\" src=\"https:\/\/danish69.dk\/wp-content\/uploads\/2024\/04\/1_2qW1YHgjGfR4jyp9nt6hlA-1024x733-1.jpg\" class=\"attachment-large size-large wp-image-22\" alt=\"\" srcset=\"https:\/\/danish69.dk\/wp-content\/uploads\/2024\/04\/1_2qW1YHgjGfR4jyp9nt6hlA-1024x733-1.jpg 1024w, https:\/\/danish69.dk\/wp-content\/uploads\/2024\/04\/1_2qW1YHgjGfR4jyp9nt6hlA-1024x733-1-300x215.jpg 300w, https:\/\/danish69.dk\/wp-content\/uploads\/2024\/04\/1_2qW1YHgjGfR4jyp9nt6hlA-1024x733-1-768x550.jpg 768w\" sizes=\"(max-width: 1024px) 100vw, 1024px\" \/>\t\t\t\t\t\t\t\t\t\t\t\t\t\t\t<\/div>\n\t\t\t\t<\/div>\n\t\t\t\t<\/div>\n\t\t\t\t\t<\/div>\n\t\t\t\t<\/div>\n\t\t\t\t<\/div>\n\t\t","protected":false},"excerpt":{"rendered":"<p>Velkommen til Danish69 Her kommer et erotisk og pornografisk billedkunstgalleri. Hvorfor Danish69:I 1969 frigav Danmark som det f\u00f8rst land i verden billedpornografien, hvilket bl.a. skal ses i lyset af, at man to \u00e5r tidligere i 1967 havde frigivet den pornografiske litteratur. Pornoens frigivelse gjorde Danmark internationalt kendt for sit frisind. I et bredere perspektiv m\u00e5 [&hellip;]<\/p>\n","protected":false},"author":1,"featured_media":0,"parent":0,"menu_order":0,"comment_status":"closed","ping_status":"closed","template":"","meta":{"footnotes":""},"class_list":["post-10","page","type-page","status-publish","hentry"],"blocksy_meta":[],"_links":{"self":[{"href":"https:\/\/danish69.dk\/index.php?rest_route=\/wp\/v2\/pages\/10","targetHints":{"allow":["GET"]}}],"collection":[{"href":"https:\/\/danish69.dk\/index.php?rest_route=\/wp\/v2\/pages"}],"about":[{"href":"https:\/\/danish69.dk\/index.php?rest_route=\/wp\/v2\/types\/page"}],"author":[{"embeddable":true,"href":"https:\/\/danish69.dk\/index.php?rest_route=\/wp\/v2\/users\/1"}],"replies":[{"embeddable":true,"href":"https:\/\/danish69.dk\/index.php?rest_route=%2Fwp%2Fv2%2Fcomments&post=10"}],"version-history":[{"count":10,"href":"https:\/\/danish69.dk\/index.php?rest_route=\/wp\/v2\/pages\/10\/revisions"}],"predecessor-version":[{"id":25,"href":"https:\/\/danish69.dk\/index.php?rest_route=\/wp\/v2\/pages\/10\/revisions\/25"}],"wp:attachment":[{"href":"https:\/\/danish69.dk\/index.php?rest_route=%2Fwp%2Fv2%2Fmedia&parent=10"}],"curies":[{"name":"wp","href":"https:\/\/api.w.org\/{rel}","templated":true}]}}